{"id":6,"date":"2022-12-10T13:37:48","date_gmt":"2022-12-10T13:37:48","guid":{"rendered":"http:\/\/adybefev.cm\/?page_id=3"},"modified":"2022-12-11T10:19:48","modified_gmt":"2022-12-11T10:19:48","slug":"privacy-policy-2","status":"publish","type":"page","link":"https:\/\/www.adybefev.cm\/?page_id=6","title":{"rendered":"NOS OBJECTIFS"},"content":{"rendered":"\n<p>Promouvoir le bien-\u00eatre des femmes et enfants en particulier et de toutes les populations en situation de pr\u00e9carit\u00e9, pour un d\u00e9veloppement participatif communautaire.<\/p>\n\n\n\n<figure class=\"wp-block-image size-large is-resized\"><img loading=\"lazy\" decoding=\"async\" src=\"http:\/\/www.adybefev.cm\/wp-content\/uploads\/2022\/12\/IMG_20221126_131756_587-1-1024x476.jpg\" alt=\"\" class=\"wp-image-99\" width=\"1178\" height=\"548\" srcset=\"https:\/\/www.adybefev.cm\/wp-content\/uploads\/2022\/12\/IMG_20221126_131756_587-1-1024x476.jpg 1024w, https:\/\/www.adybefev.cm\/wp-content\/uploads\/2022\/12\/IMG_20221126_131756_587-1-300x140.jpg 300w, https:\/\/www.adybefev.cm\/wp-content\/uploads\/2022\/12\/IMG_20221126_131756_587-1-768x357.jpg 768w, https:\/\/www.adybefev.cm\/wp-content\/uploads\/2022\/12\/IMG_20221126_131756_587-1-1536x714.jpg 1536w, https:\/\/www.adybefev.cm\/wp-content\/uploads\/2022\/12\/IMG_20221126_131756_587-1-2048x953.jpg 2048w\" sizes=\"auto, (max-width: 1178px) 100vw, 1178px\" \/><\/figure>\n\n\n\n<figure class=\"wp-block-image size-large is-resized\"><img loading=\"lazy\" decoding=\"async\" src=\"http:\/\/www.adybefev.cm\/wp-content\/uploads\/2022\/12\/IMG_20220426_134822_040-1024x476.jpg\" alt=\"\" class=\"wp-image-70\" width=\"1173\" height=\"545\" srcset=\"https:\/\/www.adybefev.cm\/wp-content\/uploads\/2022\/12\/IMG_20220426_134822_040-1024x476.jpg 1024w, https:\/\/www.adybefev.cm\/wp-content\/uploads\/2022\/12\/IMG_20220426_134822_040-300x140.jpg 300w, https:\/\/www.adybefev.cm\/wp-content\/uploads\/2022\/12\/IMG_20220426_134822_040-768x357.jpg 768w, https:\/\/www.adybefev.cm\/wp-content\/uploads\/2022\/12\/IMG_20220426_134822_040-1536x714.jpg 1536w, https:\/\/www.adybefev.cm\/wp-content\/uploads\/2022\/12\/IMG_20220426_134822_040-2048x953.jpg 2048w\" sizes=\"auto, (max-width: 1173px) 100vw, 1173px\" \/><\/figure>\n\n\n\n<figure class=\"wp-block-image size-large is-resized\"><img loading=\"lazy\" decoding=\"async\" src=\"http:\/\/www.adybefev.cm\/wp-content\/uploads\/2022\/12\/IMG_20220427_171729_518-1024x476.jpg\" alt=\"\" class=\"wp-image-100\" width=\"1176\" height=\"547\" srcset=\"https:\/\/www.adybefev.cm\/wp-content\/uploads\/2022\/12\/IMG_20220427_171729_518-1024x476.jpg 1024w, https:\/\/www.adybefev.cm\/wp-content\/uploads\/2022\/12\/IMG_20220427_171729_518-300x140.jpg 300w, https:\/\/www.adybefev.cm\/wp-content\/uploads\/2022\/12\/IMG_20220427_171729_518-768x357.jpg 768w, https:\/\/www.adybefev.cm\/wp-content\/uploads\/2022\/12\/IMG_20220427_171729_518-1536x714.jpg 1536w, https:\/\/www.adybefev.cm\/wp-content\/uploads\/2022\/12\/IMG_20220427_171729_518-2048x953.jpg 2048w\" sizes=\"auto, (max-width: 1176px) 100vw, 1176px\" \/><\/figure>\n\n\n\n<h2 class=\"wp-block-heading\">OBJECTIF PRINCIPAL<\/h2>\n\n\n\n<p>L&rsquo;alphab\u00e9tisation et le d\u00e9veloppement socio-\u00e9conomique des acteurs de la protection\/pr\u00e9vention des enfants et des personnes vuln\u00e9rables contre diverses formes de violences.<\/p>\n\n\n\n<figure class=\"wp-block-image size-large is-resized\"><img loading=\"lazy\" decoding=\"async\" src=\"http:\/\/www.adybefev.cm\/wp-content\/uploads\/2022\/12\/IMG_20221101_085924_035-1024x768.jpg\" alt=\"\" class=\"wp-image-101\" width=\"1177\" height=\"883\" srcset=\"https:\/\/www.adybefev.cm\/wp-content\/uploads\/2022\/12\/IMG_20221101_085924_035-1024x768.jpg 1024w, https:\/\/www.adybefev.cm\/wp-content\/uploads\/2022\/12\/IMG_20221101_085924_035-300x225.jpg 300w, https:\/\/www.adybefev.cm\/wp-content\/uploads\/2022\/12\/IMG_20221101_085924_035-768x576.jpg 768w, https:\/\/www.adybefev.cm\/wp-content\/uploads\/2022\/12\/IMG_20221101_085924_035-1536x1152.jpg 1536w, https:\/\/www.adybefev.cm\/wp-content\/uploads\/2022\/12\/IMG_20221101_085924_035-2048x1536.jpg 2048w\" sizes=\"auto, (max-width: 1177px) 100vw, 1177px\" \/><\/figure>\n\n\n\n<h2 class=\"wp-block-heading\">OBJECTIFS SPECIFIQUES<\/h2>\n\n\n\n<ol class=\"wp-block-list\" type=\"1\">\n<li>Promouvoir l\u2019\u00e9ducation, la sant\u00e9, l\u2019\u00e9galit\u00e9 des droits de tous sans discrimination aucune de race, de sexe, de religion et encourager leur participation \u00e0 part enti\u00e8re au d\u00e9veloppement de leurs communaut\u00e9s&nbsp;;<\/li>\n\n\n\n<li>Lutter contre les violences bases sur les genres;<\/li>\n\n\n\n<li>Sensibiliser la population sur les droits fondamentaux des enfants et de veiller \u00e0 l\u2019application et au respect de ces droits&nbsp;;<\/li>\n\n\n\n<li>Lutter contre les violences faites aux femmes, filles et enfants (travail forc\u00e9, trafics \u00e0 des fins d\u2019exploitation, etc\u2026)&nbsp;;<\/li>\n\n\n\n<li>Mettre en place des structures charg\u00e9es de la reconstruction des victimes et pour une r\u00e9silience communautaire.<\/li>\n\n\n\n<li>Apporter un appui psycho-social\/nutritionnel aux personnes vuln\u00e9rables;<\/li>\n\n\n\n<li>Education inclusive, Insertion, Integration  socio-professionnelle et R\u00e9silience des personnes vivant avec un handicap;<\/li>\n\n\n\n<li>Renforcer les capacit\u00e9s socio-\u00e9conomiques et juridiques des populations vuln\u00e9rables pour prot\u00e9ger leurs int\u00e9r\u00eats;<\/li>\n\n\n\n<li>Promouvoir les actions participatives communautaires des populations en situation des vuln\u00e9rabilit\u00e9s aux initiaves de d\u00e9veloppement;<\/li>\n\n\n\n<li> Soutenir  et accompagner les communautes \u00e0 la mise en oeuvre des actions pour un d\u00e9veloppement  participatif;<\/li>\n\n\n\n<li>Appuyer les Enfants S\u00e9par\u00e9s (ES), Enfants non Accompagn\u00e9s (ENA) par une prise en charge totale<\/li>\n<\/ol>\n","protected":false},"excerpt":{"rendered":"<p>Promouvoir le bien-\u00eatre des femmes et enfants en particulier et de toutes les populations en situation de pr\u00e9carit\u00e9, pour un d\u00e9veloppement participatif communautaire. OBJECTIF PRINCIPAL L&rsquo;alphab\u00e9tisation et le d\u00e9veloppement socio-\u00e9conomique des acteurs de la protection\/pr\u00e9vention des enfants et des personnes vuln\u00e9rables contre diverses formes de violences. OBJECTIFS SPECIFIQUES<\/p>\n","protected":false},"author":1,"featured_media":0,"parent":0,"menu_order":0,"comment_status":"closed","ping_status":"open","template":"","meta":{"_kad_post_transparent":"","_kad_post_title":"","_kad_post_layout":"","_kad_post_sidebar_id":"","_kad_post_content_style":"","_kad_post_vertical_padding":"","_kad_post_feature":"","_kad_post_feature_position":"","_kad_post_header":false,"_kad_post_footer":false,"footnotes":""},"class_list":["post-6","page","type-page","status-publish","hentry"],"_links":{"self":[{"href":"https:\/\/www.adybefev.cm\/index.php?rest_route=\/wp\/v2\/pages\/6","targetHints":{"allow":["GET"]}}],"collection":[{"href":"https:\/\/www.adybefev.cm\/index.php?rest_route=\/wp\/v2\/pages"}],"about":[{"href":"https:\/\/www.adybefev.cm\/index.php?rest_route=\/wp\/v2\/types\/page"}],"author":[{"embeddable":true,"href":"https:\/\/www.adybefev.cm\/index.php?rest_route=\/wp\/v2\/users\/1"}],"replies":[{"embeddable":true,"href":"https:\/\/www.adybefev.cm\/index.php?rest_route=%2Fwp%2Fv2%2Fcomments&post=6"}],"version-history":[{"count":6,"href":"https:\/\/www.adybefev.cm\/index.php?rest_route=\/wp\/v2\/pages\/6\/revisions"}],"predecessor-version":[{"id":102,"href":"https:\/\/www.adybefev.cm\/index.php?rest_route=\/wp\/v2\/pages\/6\/revisions\/102"}],"wp:attachment":[{"href":"https:\/\/www.adybefev.cm\/index.php?rest_route=%2Fwp%2Fv2%2Fmedia&parent=6"}],"curies":[{"name":"wp","href":"https:\/\/api.w.org\/{rel}","templated":true}]}}