{"id":5,"date":"2022-12-10T13:37:48","date_gmt":"2022-12-10T13:37:48","guid":{"rendered":"http:\/\/adybefev.cm\/?page_id=2"},"modified":"2022-12-11T10:37:20","modified_gmt":"2022-12-11T10:37:20","slug":"sample-page","status":"publish","type":"page","link":"https:\/\/www.adybefev.cm\/?page_id=5","title":{"rendered":"NOS STRATEGIES D&rsquo;INTERVENTION"},"content":{"rendered":"\n<p><\/p>\n\n\n\n<div class=\"wp-block-columns is-layout-flex wp-container-core-columns-is-layout-1 wp-block-columns-is-layout-flex\">\n<div class=\"wp-block-column is-layout-flow wp-block-column-is-layout-flow\">\n<h2 class=\"wp-block-heading\">STRATEGIES: <\/h2>\n\n\n\n<ol class=\"wp-block-list\" type=\"1\">\n<li><strong>Sensibilisation-formation-\u00e9ducation&nbsp;;<\/strong><\/li>\n\n\n\n<li><strong>Collecte des donn\u00e9es recherche&nbsp;;<\/strong><\/li>\n\n\n\n<li><strong>R\u00e9seautage-plaidoyer-lobbying&nbsp;;<\/strong><\/li>\n\n\n\n<li><strong>Mise en place d\u2019un dispositif de relais communautaire&nbsp;;<\/strong><\/li>\n\n\n\n<li><strong>Participation \u00e0 la construction des infrastructures sociales de base&nbsp;;<\/strong><\/li>\n\n\n\n<li><strong>Cr\u00e9ation des activit\u00e9s g\u00e9n\u00e9ratrices des revenus<\/strong>;<\/li>\n\n\n\n<li><strong>Promouvoir le bien-\u00eatre des populations<\/strong>.<\/li>\n<\/ol>\n<\/div>\n\n\n\n<div class=\"wp-block-column is-layout-flow wp-block-column-is-layout-flow\">\n<h2 class=\"wp-block-heading\">BENEFICIAIRES:<\/h2>\n\n\n\n<ol class=\"wp-block-list\" type=\"1\">\n<li><strong>Personnes vuln\u00e9rables (enfants, femmes, handicap\u00e9es, orphelins etc\u2026)&nbsp;;<\/strong><\/li>\n\n\n\n<li><strong>Communaut\u00e9s&nbsp;;<\/strong><\/li>\n\n\n\n<li><strong>Coop\u00e9ratives, \u00e9coles, etc.&nbsp;;<\/strong><\/li>\n\n\n\n<li><strong>Travailleurs sociaux.<\/strong><\/li>\n<\/ol>\n<\/div>\n<\/div>\n\n\n\n<figure class=\"wp-block-image size-large is-resized\"><img loading=\"lazy\" decoding=\"async\" src=\"http:\/\/www.adybefev.cm\/wp-content\/uploads\/2022\/12\/IMG_20221126_135614_177-1024x476.jpg\" alt=\"\" class=\"wp-image-71\" width=\"1158\" height=\"538\" srcset=\"https:\/\/www.adybefev.cm\/wp-content\/uploads\/2022\/12\/IMG_20221126_135614_177-1024x476.jpg 1024w, https:\/\/www.adybefev.cm\/wp-content\/uploads\/2022\/12\/IMG_20221126_135614_177-300x140.jpg 300w, https:\/\/www.adybefev.cm\/wp-content\/uploads\/2022\/12\/IMG_20221126_135614_177-768x357.jpg 768w, https:\/\/www.adybefev.cm\/wp-content\/uploads\/2022\/12\/IMG_20221126_135614_177-1536x714.jpg 1536w, https:\/\/www.adybefev.cm\/wp-content\/uploads\/2022\/12\/IMG_20221126_135614_177-2048x953.jpg 2048w\" sizes=\"auto, (max-width: 1158px) 100vw, 1158px\" \/><\/figure>\n\n\n\n<figure class=\"wp-block-image size-large is-resized\"><img loading=\"lazy\" decoding=\"async\" src=\"http:\/\/www.adybefev.cm\/wp-content\/uploads\/2022\/12\/IMG_20221203_124018_895-1024x476.jpg\" alt=\"\" class=\"wp-image-75\" width=\"1172\" height=\"545\" srcset=\"https:\/\/www.adybefev.cm\/wp-content\/uploads\/2022\/12\/IMG_20221203_124018_895-1024x476.jpg 1024w, https:\/\/www.adybefev.cm\/wp-content\/uploads\/2022\/12\/IMG_20221203_124018_895-300x140.jpg 300w, https:\/\/www.adybefev.cm\/wp-content\/uploads\/2022\/12\/IMG_20221203_124018_895-768x357.jpg 768w, https:\/\/www.adybefev.cm\/wp-content\/uploads\/2022\/12\/IMG_20221203_124018_895-1536x714.jpg 1536w, https:\/\/www.adybefev.cm\/wp-content\/uploads\/2022\/12\/IMG_20221203_124018_895-2048x953.jpg 2048w\" sizes=\"auto, (max-width: 1172px) 100vw, 1172px\" \/><\/figure>\n\n\n\n<figure class=\"wp-block-image size-large is-resized\"><img loading=\"lazy\" decoding=\"async\" src=\"http:\/\/www.adybefev.cm\/wp-content\/uploads\/2022\/12\/IMG_20220426_134801_556-1024x476.jpg\" alt=\"\" class=\"wp-image-105\" width=\"1173\" height=\"545\" srcset=\"https:\/\/www.adybefev.cm\/wp-content\/uploads\/2022\/12\/IMG_20220426_134801_556-1024x476.jpg 1024w, https:\/\/www.adybefev.cm\/wp-content\/uploads\/2022\/12\/IMG_20220426_134801_556-300x140.jpg 300w, https:\/\/www.adybefev.cm\/wp-content\/uploads\/2022\/12\/IMG_20220426_134801_556-768x357.jpg 768w, https:\/\/www.adybefev.cm\/wp-content\/uploads\/2022\/12\/IMG_20220426_134801_556-1536x714.jpg 1536w, https:\/\/www.adybefev.cm\/wp-content\/uploads\/2022\/12\/IMG_20220426_134801_556-2048x953.jpg 2048w\" sizes=\"auto, (max-width: 1173px) 100vw, 1173px\" \/><\/figure>\n\n\n\n<figure class=\"wp-block-image size-large is-resized\"><img loading=\"lazy\" decoding=\"async\" src=\"http:\/\/www.adybefev.cm\/wp-content\/uploads\/2022\/12\/IMG_20221203_124914_446-1024x476.jpg\" alt=\"\" class=\"wp-image-74\" width=\"1169\" height=\"543\" srcset=\"https:\/\/www.adybefev.cm\/wp-content\/uploads\/2022\/12\/IMG_20221203_124914_446-1024x476.jpg 1024w, https:\/\/www.adybefev.cm\/wp-content\/uploads\/2022\/12\/IMG_20221203_124914_446-300x140.jpg 300w, https:\/\/www.adybefev.cm\/wp-content\/uploads\/2022\/12\/IMG_20221203_124914_446-768x357.jpg 768w, https:\/\/www.adybefev.cm\/wp-content\/uploads\/2022\/12\/IMG_20221203_124914_446-1536x714.jpg 1536w, https:\/\/www.adybefev.cm\/wp-content\/uploads\/2022\/12\/IMG_20221203_124914_446-2048x953.jpg 2048w\" sizes=\"auto, (max-width: 1169px) 100vw, 1169px\" \/><\/figure>\n\n\n\n<figure class=\"wp-block-image size-large is-resized\"><img loading=\"lazy\" decoding=\"async\" src=\"http:\/\/www.adybefev.cm\/wp-content\/uploads\/2022\/12\/IMG_20221126_132844_287-1024x476.jpg\" alt=\"\" class=\"wp-image-79\" width=\"1176\" height=\"547\" srcset=\"https:\/\/www.adybefev.cm\/wp-content\/uploads\/2022\/12\/IMG_20221126_132844_287-1024x476.jpg 1024w, https:\/\/www.adybefev.cm\/wp-content\/uploads\/2022\/12\/IMG_20221126_132844_287-300x140.jpg 300w, https:\/\/www.adybefev.cm\/wp-content\/uploads\/2022\/12\/IMG_20221126_132844_287-768x357.jpg 768w, https:\/\/www.adybefev.cm\/wp-content\/uploads\/2022\/12\/IMG_20221126_132844_287-1536x714.jpg 1536w, https:\/\/www.adybefev.cm\/wp-content\/uploads\/2022\/12\/IMG_20221126_132844_287-2048x953.jpg 2048w\" sizes=\"auto, (max-width: 1176px) 100vw, 1176px\" \/><\/figure>\n\n\n\n<figure class=\"wp-block-image size-large is-resized\"><img loading=\"lazy\" decoding=\"async\" src=\"http:\/\/www.adybefev.cm\/wp-content\/uploads\/2022\/12\/IMG-20220912-WA0152-1024x768.jpg\" alt=\"\" class=\"wp-image-85\" width=\"1172\" height=\"879\" srcset=\"https:\/\/www.adybefev.cm\/wp-content\/uploads\/2022\/12\/IMG-20220912-WA0152-1024x768.jpg 1024w, https:\/\/www.adybefev.cm\/wp-content\/uploads\/2022\/12\/IMG-20220912-WA0152-300x225.jpg 300w, https:\/\/www.adybefev.cm\/wp-content\/uploads\/2022\/12\/IMG-20220912-WA0152-768x576.jpg 768w, https:\/\/www.adybefev.cm\/wp-content\/uploads\/2022\/12\/IMG-20220912-WA0152.jpg 1040w\" sizes=\"auto, (max-width: 1172px) 100vw, 1172px\" \/><\/figure>\n","protected":false},"excerpt":{"rendered":"<p>STRATEGIES: BENEFICIAIRES:<\/p>\n","protected":false},"author":1,"featured_media":0,"parent":0,"menu_order":0,"comment_status":"closed","ping_status":"open","template":"","meta":{"_kad_post_transparent":"","_kad_post_title":"","_kad_post_layout":"","_kad_post_sidebar_id":"","_kad_post_content_style":"","_kad_post_vertical_padding":"","_kad_post_feature":"","_kad_post_feature_position":"","_kad_post_header":false,"_kad_post_footer":false,"footnotes":""},"class_list":["post-5","page","type-page","status-publish","hentry"],"_links":{"self":[{"href":"https:\/\/www.adybefev.cm\/index.php?rest_route=\/wp\/v2\/pages\/5","targetHints":{"allow":["GET"]}}],"collection":[{"href":"https:\/\/www.adybefev.cm\/index.php?rest_route=\/wp\/v2\/pages"}],"about":[{"href":"https:\/\/www.adybefev.cm\/index.php?rest_route=\/wp\/v2\/types\/page"}],"author":[{"embeddable":true,"href":"https:\/\/www.adybefev.cm\/index.php?rest_route=\/wp\/v2\/users\/1"}],"replies":[{"embeddable":true,"href":"https:\/\/www.adybefev.cm\/index.php?rest_route=%2Fwp%2Fv2%2Fcomments&post=5"}],"version-history":[{"count":3,"href":"https:\/\/www.adybefev.cm\/index.php?rest_route=\/wp\/v2\/pages\/5\/revisions"}],"predecessor-version":[{"id":107,"href":"https:\/\/www.adybefev.cm\/index.php?rest_route=\/wp\/v2\/pages\/5\/revisions\/107"}],"wp:attachment":[{"href":"https:\/\/www.adybefev.cm\/index.php?rest_route=%2Fwp%2Fv2%2Fmedia&parent=5"}],"curies":[{"name":"wp","href":"https:\/\/api.w.org\/{rel}","templated":true}]}}