{"id":3,"date":"2022-12-10T13:37:28","date_gmt":"2022-12-10T13:37:28","guid":{"rendered":"http:\/\/adybefev.cm\/?page_id=3"},"modified":"2022-12-11T08:50:20","modified_gmt":"2022-12-11T08:50:20","slug":"privacy-policy","status":"publish","type":"page","link":"https:\/\/www.adybefev.cm\/?page_id=3","title":{"rendered":"ADYBEFEV-C"},"content":{"rendered":"\t\t<div data-elementor-type=\"wp-page\" data-elementor-id=\"3\" class=\"elementor elementor-3\">\n\t\t\t\t\t\t\t\t\t<section class=\"elementor-section elementor-top-section elementor-element elementor-element-40840d97 elementor-section-boxed elementor-section-height-default elementor-section-height-default\" data-id=\"40840d97\" data-element_type=\"section\">\n\t\t\t\t\t\t<div class=\"elementor-container elementor-column-gap-default\">\n\t\t\t\t\t<div class=\"elementor-column elementor-col-100 elementor-top-column elementor-element elementor-element-1681ab87\" data-id=\"1681ab87\" data-element_type=\"column\">\n\t\t\t<div class=\"elementor-widget-wrap elementor-element-populated\">\n\t\t\t\t\t\t\t\t<div class=\"elementor-element elementor-element-31ccfbca elementor-widget elementor-widget-text-editor\" data-id=\"31ccfbca\" data-element_type=\"widget\" data-widget_type=\"text-editor.default\">\n\t\t\t\t<div class=\"elementor-widget-container\">\n\t\t\t<style>\/*! elementor - v3.9.0 - 06-12-2022 *\/\n.elementor-widget-text-editor.elementor-drop-cap-view-stacked .elementor-drop-cap{background-color:#818a91;color:#fff}.elementor-widget-text-editor.elementor-drop-cap-view-framed .elementor-drop-cap{color:#818a91;border:3px solid;background-color:transparent}.elementor-widget-text-editor:not(.elementor-drop-cap-view-default) .elementor-drop-cap{margin-top:8px}.elementor-widget-text-editor:not(.elementor-drop-cap-view-default) .elementor-drop-cap-letter{width:1em;height:1em}.elementor-widget-text-editor .elementor-drop-cap{float:left;text-align:center;line-height:1;font-size:50px}.elementor-widget-text-editor .elementor-drop-cap-letter{display:inline-block}<\/style>\t\t\t\t<!-- wp:heading -->\n<h2>QUI SOMMES NOUS ?<\/h2>\n<!-- \/wp:heading --><!-- wp:paragraph -->\n<p>Nous sommes une Association cosmopolite dans laquelle se trouvent plusieurs membres et ceci sans distinction d\u2019\u00e2ge, de race, de sexe, d\u2019ethnie et de religion. Comme toute association, elle a \u00e9t\u00e9 cr\u00e9\u00e9e dans le souci d\u2019atteindre des objectifs bien pr\u00e9cis comme par exemple redonner du sourire aux populations en situation de vuln\u00e9rabilit\u00e9.\u00a0\u00a0<\/p>\n<!-- \/wp:paragraph --><!-- wp:paragraph -->\n<p>Cr\u00e9\u00e9e suivant le R\u00e9c\u00e9piss\u00e9 de D\u00e9claration d\u2019Association N\u00b0003\/RDA\/K22\/BAPP du 29 Janvier 2003 connu d\u2019abord sous le nom de l\u2019association Action Dynamique pour la Promotion du Bien-\u00eatre de la Femme dans la Province de l\u2019Extr\u00eame-Nord en abr\u00e9g\u00e9 \u2018\u2019ADYPROBEN\u2019\u2019. Et en 2020, changement de d\u00e9nomination pour s\u2019\u00e9tendre dans tout le pays, d\u2019o\u00f9 sa nouvelle d\u00e9nomination.<\/p>\n<!-- \/wp:paragraph --><!-- wp:image {\"id\":18,\"width\":1178,\"height\":627,\"sizeSlug\":\"full\",\"linkDestination\":\"none\"} -->\n<figure class=\"wp-block-image size-full is-resized\">\n<figcaption class=\"wp-element-caption\"><\/figcaption>\n<\/figure>\n<!-- \/wp:image --><!-- wp:paragraph -->\n<p>\u00a0<\/p>\n<!-- \/wp:paragraph -->\t\t\t\t\t\t<\/div>\n\t\t\t\t<\/div>\n\t\t\t\t\t<\/div>\n\t\t<\/div>\n\t\t\t\t\t\t\t<\/div>\n\t\t<\/section>\n\t\t\t\t<section class=\"elementor-section elementor-top-section elementor-element elementor-element-4c64526 elementor-section-boxed elementor-section-height-default elementor-section-height-default\" data-id=\"4c64526\" data-element_type=\"section\">\n\t\t\t\t\t\t<div class=\"elementor-container elementor-column-gap-default\">\n\t\t\t\t\t<div class=\"elementor-column elementor-col-100 elementor-top-column elementor-element elementor-element-3a758b9\" data-id=\"3a758b9\" data-element_type=\"column\">\n\t\t\t<div class=\"elementor-widget-wrap elementor-element-populated\">\n\t\t\t\t\t\t\t\t<div class=\"elementor-element elementor-element-9b5e73b elementor-widget elementor-widget-heading\" data-id=\"9b5e73b\" data-element_type=\"widget\" data-widget_type=\"heading.default\">\n\t\t\t\t<div class=\"elementor-widget-container\">\n\t\t\t<style>\/*! elementor - v3.9.0 - 06-12-2022 *\/\n.elementor-heading-title{padding:0;margin:0;line-height:1}.elementor-widget-heading .elementor-heading-title[class*=elementor-size-]>a{color:inherit;font-size:inherit;line-height:inherit}.elementor-widget-heading .elementor-heading-title.elementor-size-small{font-size:15px}.elementor-widget-heading .elementor-heading-title.elementor-size-medium{font-size:19px}.elementor-widget-heading .elementor-heading-title.elementor-size-large{font-size:29px}.elementor-widget-heading .elementor-heading-title.elementor-size-xl{font-size:39px}.elementor-widget-heading .elementor-heading-title.elementor-size-xxl{font-size:59px}<\/style><h4 class=\"elementor-heading-title elementor-size-default\">SUIVI-EVALUATION SUR LES SITES DES DEPLACES INTERNES ISSUS DU CONFLIT INTERCOMMUNAUTAIRE ARABE-CHOA - MOUSGOUM DE ARDJANIRE ET OURODJOUGOULE A BOGO DANS LE DEPARTEMENT DU DIAMARE, ET DANS LES SITES DE KOLOFATA DANS LE DEPARTEMENT DE MAYO SAVA.<\/h4>\t\t<\/div>\n\t\t\t\t<\/div>\n\t\t\t\t<div class=\"elementor-element elementor-element-ead1cfb elementor-widget elementor-widget-image\" data-id=\"ead1cfb\" data-element_type=\"widget\" data-widget_type=\"image.default\">\n\t\t\t\t<div class=\"elementor-widget-container\">\n\t\t\t<style>\/*! elementor - v3.9.0 - 06-12-2022 *\/\n.elementor-widget-image{text-align:center}.elementor-widget-image a{display:inline-block}.elementor-widget-image a img[src$=\".svg\"]{width:48px}.elementor-widget-image img{vertical-align:middle;display:inline-block}<\/style>\t\t\t\t\t\t\t\t\t\t\t\t<img loading=\"lazy\" decoding=\"async\" width=\"341\" height=\"181\" src=\"https:\/\/www.adybefev.cm\/wp-content\/uploads\/2022\/12\/image.png\" class=\"attachment-large size-large wp-image-18\" alt=\"\" srcset=\"https:\/\/www.adybefev.cm\/wp-content\/uploads\/2022\/12\/image.png 341w, https:\/\/www.adybefev.cm\/wp-content\/uploads\/2022\/12\/image-300x159.png 300w\" sizes=\"auto, (max-width: 341px) 100vw, 341px\" \/>\t\t\t\t\t\t\t\t\t\t\t\t\t\t\t<\/div>\n\t\t\t\t<\/div>\n\t\t\t\t<div class=\"elementor-element elementor-element-fd1b03e elementor-widget elementor-widget-heading\" data-id=\"fd1b03e\" data-element_type=\"widget\" data-widget_type=\"heading.default\">\n\t\t\t\t<div class=\"elementor-widget-container\">\n\t\t\t<h2 class=\"elementor-heading-title elementor-size-default\"><strong>FEMMES &amp; HOMMES ENGAGES POUR L\u2019ATTEINTE DE NOS OBJECTIFS<\/strong><\/h2>\t\t<\/div>\n\t\t\t\t<\/div>\n\t\t\t\t\t<\/div>\n\t\t<\/div>\n\t\t\t\t\t\t\t<\/div>\n\t\t<\/section>\n\t\t\t\t<section class=\"elementor-section elementor-top-section elementor-element elementor-element-3a64361 elementor-section-boxed elementor-section-height-default elementor-section-height-default\" data-id=\"3a64361\" data-element_type=\"section\">\n\t\t\t\t\t\t<div class=\"elementor-container elementor-column-gap-default\">\n\t\t\t\t\t<div class=\"elementor-column elementor-col-100 elementor-top-column elementor-element elementor-element-943475d\" data-id=\"943475d\" data-element_type=\"column\">\n\t\t\t<div class=\"elementor-widget-wrap elementor-element-populated\">\n\t\t\t\t\t\t\t\t<div class=\"elementor-element elementor-element-ee3f467 elementor-widget elementor-widget-image\" data-id=\"ee3f467\" data-element_type=\"widget\" data-widget_type=\"image.default\">\n\t\t\t\t<div class=\"elementor-widget-container\">\n\t\t\t\t\t\t\t\t\t\t\t\t\t\t\t<img loading=\"lazy\" decoding=\"async\" width=\"1024\" height=\"1024\" src=\"https:\/\/www.adybefev.cm\/wp-content\/uploads\/2022\/12\/img1-1024x1024.jpg\" class=\"attachment-large size-large wp-image-53\" alt=\"\" srcset=\"https:\/\/www.adybefev.cm\/wp-content\/uploads\/2022\/12\/img1-1024x1024.jpg 1024w, https:\/\/www.adybefev.cm\/wp-content\/uploads\/2022\/12\/img1-300x300.jpg 300w, https:\/\/www.adybefev.cm\/wp-content\/uploads\/2022\/12\/img1-150x150.jpg 150w, https:\/\/www.adybefev.cm\/wp-content\/uploads\/2022\/12\/img1-768x768.jpg 768w, https:\/\/www.adybefev.cm\/wp-content\/uploads\/2022\/12\/img1.jpg 1080w\" sizes=\"auto, (max-width: 1024px) 100vw, 1024px\" \/>\t\t\t\t\t\t\t\t\t\t\t\t\t\t\t<\/div>\n\t\t\t\t<\/div>\n\t\t\t\t\t<\/div>\n\t\t<\/div>\n\t\t\t\t\t\t\t<\/div>\n\t\t<\/section>\n\t\t\t\t\t\t\t<\/div>\n\t\t","protected":false},"excerpt":{"rendered":"<p>QUI SOMMES NOUS ? Nous sommes une Association cosmopolite dans laquelle se trouvent plusieurs membres et ceci sans distinction d\u2019\u00e2ge, de race, de sexe, d\u2019ethnie et de religion. Comme toute association, elle a \u00e9t\u00e9 cr\u00e9\u00e9e dans le souci d\u2019atteindre des objectifs bien pr\u00e9cis comme par exemple redonner du sourire aux populations en situation de vuln\u00e9rabilit\u00e9.\u00a0\u00a0&#8230;<\/p>\n","protected":false},"author":1,"featured_media":0,"parent":0,"menu_order":0,"comment_status":"closed","ping_status":"open","template":"","meta":{"_kad_post_transparent":"","_kad_post_title":"","_kad_post_layout":"","_kad_post_sidebar_id":"","_kad_post_content_style":"","_kad_post_vertical_padding":"","_kad_post_feature":"","_kad_post_feature_position":"","_kad_post_header":false,"_kad_post_footer":false,"footnotes":""},"class_list":["post-3","page","type-page","status-publish","hentry"],"_links":{"self":[{"href":"https:\/\/www.adybefev.cm\/index.php?rest_route=\/wp\/v2\/pages\/3","targetHints":{"allow":["GET"]}}],"collection":[{"href":"https:\/\/www.adybefev.cm\/index.php?rest_route=\/wp\/v2\/pages"}],"about":[{"href":"https:\/\/www.adybefev.cm\/index.php?rest_route=\/wp\/v2\/types\/page"}],"author":[{"embeddable":true,"href":"https:\/\/www.adybefev.cm\/index.php?rest_route=\/wp\/v2\/users\/1"}],"replies":[{"embeddable":true,"href":"https:\/\/www.adybefev.cm\/index.php?rest_route=%2Fwp%2Fv2%2Fcomments&post=3"}],"version-history":[{"count":15,"href":"https:\/\/www.adybefev.cm\/index.php?rest_route=\/wp\/v2\/pages\/3\/revisions"}],"predecessor-version":[{"id":56,"href":"https:\/\/www.adybefev.cm\/index.php?rest_route=\/wp\/v2\/pages\/3\/revisions\/56"}],"wp:attachment":[{"href":"https:\/\/www.adybefev.cm\/index.php?rest_route=%2Fwp%2Fv2%2Fmedia&parent=3"}],"curies":[{"name":"wp","href":"https:\/\/api.w.org\/{rel}","templated":true}]}}