{"id":2,"date":"2022-12-10T13:37:28","date_gmt":"2022-12-10T13:37:28","guid":{"rendered":"http:\/\/adybefev.cm\/?page_id=2"},"modified":"2022-12-11T10:05:24","modified_gmt":"2022-12-11T10:05:24","slug":"sample-page-2","status":"publish","type":"page","link":"https:\/\/www.adybefev.cm\/?page_id=2","title":{"rendered":"DOMAINES D&rsquo;INTERVENTION ET ACTIVITES"},"content":{"rendered":"\n<ol class=\"wp-block-list\" type=\"1\">\n<li><strong>La protection de l\u2019enfance vise \u00e0 garantir la prise en compte des besoins fondamentaux de l\u2019enfant, \u00e0 soutenir son d\u00e9veloppement physique, affectif, intellectuel et social et \u00e0 pr\u00e9server sa sant\u00e9, sa s\u00e9curit\u00e9, sa moralit\u00e9 et son \u00e9ducation.<\/strong><\/li>\n\n\n\n<li><strong>Protection g\u00e9n\u00e9rale: documentation civile, violence base sur les genres, insertion des personnes vivant avec un handicap.<\/strong><\/li>\n\n\n\n<li><strong>L\u2019\u00e9ducation<\/strong>.<\/li>\n\n\n\n<li><strong>L\u2019agriculture<\/strong>.<\/li>\n\n\n\n<li><strong> L\u2019\u00e9levage<\/strong>.<\/li>\n\n\n\n<li><strong>L\u2019environnement&nbsp;<\/strong>.<\/li>\n\n\n\n<li><strong>&nbsp;Le d\u00e9veloppement communautaire.<\/strong><\/li>\n<\/ol>\n\n\n\n<figure class=\"wp-block-image size-large is-resized\"><img loading=\"lazy\" decoding=\"async\" src=\"http:\/\/www.adybefev.cm\/wp-content\/uploads\/2022\/12\/IMG_20220307_100121_431-1024x476.jpg\" alt=\"\" class=\"wp-image-61\" width=\"1182\" height=\"549\" srcset=\"https:\/\/www.adybefev.cm\/wp-content\/uploads\/2022\/12\/IMG_20220307_100121_431-1024x476.jpg 1024w, https:\/\/www.adybefev.cm\/wp-content\/uploads\/2022\/12\/IMG_20220307_100121_431-300x140.jpg 300w, https:\/\/www.adybefev.cm\/wp-content\/uploads\/2022\/12\/IMG_20220307_100121_431-768x357.jpg 768w, https:\/\/www.adybefev.cm\/wp-content\/uploads\/2022\/12\/IMG_20220307_100121_431-1536x714.jpg 1536w, https:\/\/www.adybefev.cm\/wp-content\/uploads\/2022\/12\/IMG_20220307_100121_431-2048x953.jpg 2048w\" sizes=\"auto, (max-width: 1182px) 100vw, 1182px\" \/><\/figure>\n\n\n\n<figure class=\"wp-block-image size-large is-resized\"><img loading=\"lazy\" decoding=\"async\" src=\"http:\/\/www.adybefev.cm\/wp-content\/uploads\/2022\/12\/IMG_20220319_114515_365-1024x476.jpg\" alt=\"\" class=\"wp-image-64\" width=\"1180\" height=\"549\" srcset=\"https:\/\/www.adybefev.cm\/wp-content\/uploads\/2022\/12\/IMG_20220319_114515_365-1024x476.jpg 1024w, https:\/\/www.adybefev.cm\/wp-content\/uploads\/2022\/12\/IMG_20220319_114515_365-300x140.jpg 300w, https:\/\/www.adybefev.cm\/wp-content\/uploads\/2022\/12\/IMG_20220319_114515_365-768x357.jpg 768w, https:\/\/www.adybefev.cm\/wp-content\/uploads\/2022\/12\/IMG_20220319_114515_365-1536x714.jpg 1536w, https:\/\/www.adybefev.cm\/wp-content\/uploads\/2022\/12\/IMG_20220319_114515_365-2048x953.jpg 2048w\" sizes=\"auto, (max-width: 1180px) 100vw, 1180px\" \/><\/figure>\n\n\n\n<h2 class=\"wp-block-heading\"><strong>La solution pour un accompagnement r\u00e9ussi.<\/strong><\/h2>\n\n\n\n<p>Nous voulons mettre \u00e0 profit le temps de l\u2019accompagnement pour donner aux jeunes des points d\u2019ancrage sur lesquels ils pourront s\u2019appuyer pour se construire en tant qu\u2019individu et devenir autonomes pour s\u2019ins\u00e9rer dans la soci\u00e9t\u00e9.<\/p>\n\n\n\n<p>Nos diff\u00e9rents projets pr\u00e9voient donc des actions compl\u00e9mentaires \u00e0 la prise en charge \u00e9ducative classique, mais aussi en amont et en aval du cadre strict d\u00e9fini avec les acteurs publics.<\/p>\n\n\n\n<figure class=\"wp-block-image size-large is-resized\"><img loading=\"lazy\" decoding=\"async\" src=\"http:\/\/www.adybefev.cm\/wp-content\/uploads\/2022\/12\/IMG_20221206_111124_221-768x1024.jpg\" alt=\"\" class=\"wp-image-93\" width=\"1178\" height=\"1571\" srcset=\"https:\/\/www.adybefev.cm\/wp-content\/uploads\/2022\/12\/IMG_20221206_111124_221-768x1024.jpg 768w, https:\/\/www.adybefev.cm\/wp-content\/uploads\/2022\/12\/IMG_20221206_111124_221-225x300.jpg 225w, https:\/\/www.adybefev.cm\/wp-content\/uploads\/2022\/12\/IMG_20221206_111124_221-1152x1536.jpg 1152w, https:\/\/www.adybefev.cm\/wp-content\/uploads\/2022\/12\/IMG_20221206_111124_221-1536x2048.jpg 1536w, https:\/\/www.adybefev.cm\/wp-content\/uploads\/2022\/12\/IMG_20221206_111124_221-scaled.jpg 1920w\" sizes=\"auto, (max-width: 1178px) 100vw, 1178px\" \/><\/figure>\n\n\n\n<figure class=\"wp-block-image size-large is-resized\"><img loading=\"lazy\" decoding=\"async\" src=\"http:\/\/www.adybefev.cm\/wp-content\/uploads\/2022\/12\/IMG_20221206_112446_6-1024x576.jpg\" alt=\"\" class=\"wp-image-94\" width=\"1170\" height=\"658\" srcset=\"https:\/\/www.adybefev.cm\/wp-content\/uploads\/2022\/12\/IMG_20221206_112446_6-1024x576.jpg 1024w, https:\/\/www.adybefev.cm\/wp-content\/uploads\/2022\/12\/IMG_20221206_112446_6-300x169.jpg 300w, https:\/\/www.adybefev.cm\/wp-content\/uploads\/2022\/12\/IMG_20221206_112446_6-768x432.jpg 768w, https:\/\/www.adybefev.cm\/wp-content\/uploads\/2022\/12\/IMG_20221206_112446_6-1536x864.jpg 1536w, https:\/\/www.adybefev.cm\/wp-content\/uploads\/2022\/12\/IMG_20221206_112446_6.jpg 1920w\" sizes=\"auto, (max-width: 1170px) 100vw, 1170px\" \/><\/figure>\n\n\n\n<p><strong>ADYBEFEV vise \u00e0&nbsp;:<\/strong><\/p>\n\n\n\n<ol class=\"wp-block-list\" type=\"1\">\n<li>Recueillir les donn\u00e9es sur les diff\u00e9rentes formes de violences faites aux enfants et \u00e0 leurs parents&nbsp;;<\/li>\n\n\n\n<li>Aider aux proc\u00e9dures judiciaires&nbsp;;<\/li>\n\n\n\n<li>Participer aux conciliations sociales&nbsp;;<\/li>\n\n\n\n<li>Participer \u00e0 diverses activit\u00e9s de promotion et protection des droits de l\u2019enfant&nbsp;;<\/li>\n<\/ol>\n\n\n\n<p>AXE1&nbsp;: Participer au d\u00e9veloppement local&nbsp;;<\/p>\n\n\n\n<p>AXE2&nbsp;: Agir sur les d\u00e9terminants de la sant\u00e9&nbsp;;<\/p>\n\n\n\n<p>AXE3&nbsp;: Pr\u00e9vention de la maltraitance, promotion et lutte contre violences multiformes.<\/p>\n\n\n\n<figure class=\"wp-block-image size-large is-resized\"><img loading=\"lazy\" decoding=\"async\" src=\"http:\/\/www.adybefev.cm\/wp-content\/uploads\/2022\/12\/IMG_20220428_130449_720-476x1024.jpg\" alt=\"\" class=\"wp-image-90\" width=\"1177\" height=\"2532\" srcset=\"https:\/\/www.adybefev.cm\/wp-content\/uploads\/2022\/12\/IMG_20220428_130449_720-476x1024.jpg 476w, https:\/\/www.adybefev.cm\/wp-content\/uploads\/2022\/12\/IMG_20220428_130449_720-140x300.jpg 140w, https:\/\/www.adybefev.cm\/wp-content\/uploads\/2022\/12\/IMG_20220428_130449_720-768x1651.jpg 768w, https:\/\/www.adybefev.cm\/wp-content\/uploads\/2022\/12\/IMG_20220428_130449_720-714x1536.jpg 714w\" sizes=\"auto, (max-width: 1177px) 100vw, 1177px\" \/><\/figure>\n\n\n\n<figure class=\"wp-block-image size-large is-resized\"><img decoding=\"async\" src=\"http:\/\/www.adybefev.cm\/wp-content\/uploads\/2022\/12\/IMG_20220428_130428_896-edited-scaled.jpg\" alt=\"\" class=\"wp-image-96\" width=\"1176\" srcset=\"https:\/\/www.adybefev.cm\/wp-content\/uploads\/2022\/12\/IMG_20220428_130428_896-edited-scaled.jpg 1191w, https:\/\/www.adybefev.cm\/wp-content\/uploads\/2022\/12\/IMG_20220428_130428_896-edited-140x300.jpg 140w, https:\/\/www.adybefev.cm\/wp-content\/uploads\/2022\/12\/IMG_20220428_130428_896-edited-476x1024.jpg 476w, https:\/\/www.adybefev.cm\/wp-content\/uploads\/2022\/12\/IMG_20220428_130428_896-edited-768x1651.jpg 768w, https:\/\/www.adybefev.cm\/wp-content\/uploads\/2022\/12\/IMG_20220428_130428_896-edited-714x1536.jpg 714w, https:\/\/www.adybefev.cm\/wp-content\/uploads\/2022\/12\/IMG_20220428_130428_896-edited-953x2048.jpg 953w\" sizes=\"(max-width: 1191px) 100vw, 1191px\" \/><\/figure>\n","protected":false},"excerpt":{"rendered":"<p>La solution pour un accompagnement r\u00e9ussi. Nous voulons mettre \u00e0 profit le temps de l\u2019accompagnement pour donner aux jeunes des points d\u2019ancrage sur lesquels ils pourront s\u2019appuyer pour se construire en tant qu\u2019individu et devenir autonomes pour s\u2019ins\u00e9rer dans la soci\u00e9t\u00e9. Nos diff\u00e9rents projets pr\u00e9voient donc des actions compl\u00e9mentaires \u00e0 la prise en charge \u00e9ducative&#8230;<\/p>\n","protected":false},"author":1,"featured_media":0,"parent":0,"menu_order":0,"comment_status":"closed","ping_status":"open","template":"","meta":{"_kad_post_transparent":"","_kad_post_title":"","_kad_post_layout":"","_kad_post_sidebar_id":"","_kad_post_content_style":"","_kad_post_vertical_padding":"","_kad_post_feature":"","_kad_post_feature_position":"","_kad_post_header":false,"_kad_post_footer":false,"footnotes":""},"class_list":["post-2","page","type-page","status-publish","hentry"],"_links":{"self":[{"href":"https:\/\/www.adybefev.cm\/index.php?rest_route=\/wp\/v2\/pages\/2","targetHints":{"allow":["GET"]}}],"collection":[{"href":"https:\/\/www.adybefev.cm\/index.php?rest_route=\/wp\/v2\/pages"}],"about":[{"href":"https:\/\/www.adybefev.cm\/index.php?rest_route=\/wp\/v2\/types\/page"}],"author":[{"embeddable":true,"href":"https:\/\/www.adybefev.cm\/index.php?rest_route=\/wp\/v2\/users\/1"}],"replies":[{"embeddable":true,"href":"https:\/\/www.adybefev.cm\/index.php?rest_route=%2Fwp%2Fv2%2Fcomments&post=2"}],"version-history":[{"count":8,"href":"https:\/\/www.adybefev.cm\/index.php?rest_route=\/wp\/v2\/pages\/2\/revisions"}],"predecessor-version":[{"id":97,"href":"https:\/\/www.adybefev.cm\/index.php?rest_route=\/wp\/v2\/pages\/2\/revisions\/97"}],"wp:attachment":[{"href":"https:\/\/www.adybefev.cm\/index.php?rest_route=%2Fwp%2Fv2%2Fmedia&parent=2"}],"curies":[{"name":"wp","href":"https:\/\/api.w.org\/{rel}","templated":true}]}}